{"id":1015,"date":"2025-12-11T09:22:50","date_gmt":"2025-12-11T09:22:50","guid":{"rendered":"https:\/\/breadculture.gingeritsolutions.space\/publications\/"},"modified":"2026-01-15T07:57:07","modified_gmt":"2026-01-15T07:57:07","slug":"publikacije","status":"publish","type":"page","link":"https:\/\/breadculture.gingeritsolutions.space\/sr\/publikacije\/","title":{"rendered":"Publikacije"},"content":{"rendered":"\n<section class=\"relative flex items-end py-10 min-h-[400px] overflow-hidden hero-overlay\">\n            <img fetchpriority=\"high\" decoding=\"async\" src=\"https:\/\/breadculture.gingeritsolutions.space\/wp-content\/uploads\/2025\/12\/5.avif\" srcset=\"https:\/\/breadculture.gingeritsolutions.space\/wp-content\/uploads\/2025\/12\/5-150x150.avif 150w, https:\/\/breadculture.gingeritsolutions.space\/wp-content\/uploads\/2025\/12\/5.avif 300w, https:\/\/breadculture.gingeritsolutions.space\/wp-content\/uploads\/2025\/12\/5-300x63.avif 480w, https:\/\/breadculture.gingeritsolutions.space\/wp-content\/uploads\/2025\/12\/5-1024x213.avif 720w, https:\/\/breadculture.gingeritsolutions.space\/wp-content\/uploads\/2025\/12\/5.avif 1080w, https:\/\/breadculture.gingeritsolutions.space\/wp-content\/uploads\/2025\/12\/5.avif 1600w\" sizes=\"(max-width: 1600px) 100vw\" class=\"top-0 left-0 absolute w-full h-full object-cover\" alt=\"\" width=\"1920\" height=\"400\" loading=\"eager\">\n            <div class=\"z-3 relative flex md:flex-row flex-col justify-between items-start gap-4 md:gap-10 mx-auto text-white container\">\n            <h1 class=\"cabin-50-400\">\n                Publikacije            <\/h1>\n            <p class=\"md:mt-4 md:max-w-[640px] md:text-right text-balance cabin-20-600\">\n                Neka svako \u010dini \u0161to mo\u017ee (Vuk Karad\u017ei\u0107)            <\/p>\n        <\/div>\n    <\/section>\n\n\n<section class=\"py-8 md:py-14 lg:py-25\">\n    <div class=\"container\">\n        <div class=\"flex lg:flex-row flex-col justify-between lg:items-center gap-4 mb-8\">\n                        \n        <\/div>\n        \n            <div class=\"gap-x-8 gap-y-10 grid md:grid-cols-2\">\n                                    <a\n    href=\"https:\/\/breadculture.gingeritsolutions.space\/sr\/bread-of-serbian-heroes-and-hajduks-2\/\"\n    class=\"flex lg:flex-row flex-col items-stretch gap-4 max-w-[742px] h-auto md:min-h-[375px]\">\n    <div class=\"w-full lg:max-w-[320px]\">\n                    <img loading=\"lazy\" decoding=\"async\" width=\"288\" height=\"372\" src=\"https:\/\/breadculture.gingeritsolutions.space\/wp-content\/uploads\/2025\/12\/KORICE-sajt.jpg\" class=\"rounded-[20px] w-full h-full md:h-[200px] lg:h-full max-h-[375px]  object-cover wp-post-image\" alt=\"\" \/>            <\/div>\n    <div class=\"flex flex-col w-full lg:max-w-[281px] h-full\">\n        <p class=\"mb-1.5 text-brown\/41\">24.12.2025<\/p>\n        <h3 class=\"mb-4 cabin-20-600\">Hleb srpskih junaka i hajduka<\/h3>\n        <p class=\"mb-10 cabin-18-400\">NOVA PUBLIKACIJA\nCilj ove publikacije je da pa\u017eljivog \u010ditaoca na zanimljiv i uzbudljiv na\u010din upozna sa jedinstvenim kulinarskim kulturnim nasle\u0111em Srba \u2013 hlebom sa \u0161ljivama.\nHleb je osnovna namirnica svakog doma\u0107instva u Srbiji. Hleb je simbol hrane.<\/p>\n        <div class=\"flex items-center gap-2.5 [&#038;_path]:stroke-brown mt-auto arrow-icon\">\n            <p class=\"cabin-18-400\">See more<\/p>\n             <svg\n      width=\"15\"\n      height=\"13\"\n      viewBox=\"0 0 15 13\"\n      fill=\"none\"\n      xmlns=\"http:\/\/www.w3.org\/2000\/svg\"\n    >\n      <path\n        d=\"M8.5 0.0293579C8.61756 2.02787 9.98125 6.02489 14.4955 6.02489\"\n        stroke=\"#1A1313\"\n      \/>\n      <path\n        d=\"M8.5 12.3731C8.61756 10.3746 9.98125 6.37757 14.4955 6.37757\"\n        stroke=\"#1A1313\"\n      \/>\n      <path d=\"M14.1429 6.377L0 6.37695\" stroke=\"#1A1313\" \/>\n    <\/svg>        <\/div>\n    <\/div>\n<\/a>                                    <a\n    href=\"https:\/\/breadculture.gingeritsolutions.space\/sr\/bread-in-the-great-war\/\"\n    class=\"flex lg:flex-row flex-col items-stretch gap-4 max-w-[742px] h-auto md:min-h-[375px]\">\n    <div class=\"w-full lg:max-w-[320px]\">\n                    <img loading=\"lazy\" decoding=\"async\" width=\"464\" height=\"642\" src=\"https:\/\/breadculture.gingeritsolutions.space\/wp-content\/uploads\/2025\/12\/Korice-hleb-u-Velikom-ratu.jpg\" class=\"rounded-[20px] w-full h-full md:h-[200px] lg:h-full max-h-[375px]  object-cover wp-post-image\" alt=\"\" \/>            <\/div>\n    <div class=\"flex flex-col w-full lg:max-w-[281px] h-full\">\n        <p class=\"mb-1.5 text-brown\/41\">23.12.2025<\/p>\n        <h3 class=\"mb-4 cabin-20-600\">Hleb u Velikom ratu<\/h3>\n        <p class=\"mb-10 cabin-18-400\">\u201eVojska mar\u0161ira na svom stomaku\u201d \u2013 tvrdio je Napoleon. Iako je zna\u010daj vojnika u rovovima i na prvim linijama fronta nesporan, Veliki rat nije dobijen na frontu.<\/p>\n        <div class=\"flex items-center gap-2.5 [&#038;_path]:stroke-brown mt-auto arrow-icon\">\n            <p class=\"cabin-18-400\">See more<\/p>\n             <svg\n      width=\"15\"\n      height=\"13\"\n      viewBox=\"0 0 15 13\"\n      fill=\"none\"\n      xmlns=\"http:\/\/www.w3.org\/2000\/svg\"\n    >\n      <path\n        d=\"M8.5 0.0293579C8.61756 2.02787 9.98125 6.02489 14.4955 6.02489\"\n        stroke=\"#1A1313\"\n      \/>\n      <path\n        d=\"M8.5 12.3731C8.61756 10.3746 9.98125 6.37757 14.4955 6.37757\"\n        stroke=\"#1A1313\"\n      \/>\n      <path d=\"M14.1429 6.377L0 6.37695\" stroke=\"#1A1313\" \/>\n    <\/svg>        <\/div>\n    <\/div>\n<\/a>                                    <a\n    href=\"https:\/\/breadculture.gingeritsolutions.space\/sr\/secrets-of-continuity-grain-mill-2\/\"\n    class=\"flex lg:flex-row flex-col items-stretch gap-4 max-w-[742px] h-auto md:min-h-[375px]\">\n    <div class=\"w-full lg:max-w-[320px]\">\n                    <img loading=\"lazy\" decoding=\"async\" width=\"504\" height=\"506\" src=\"https:\/\/breadculture.gingeritsolutions.space\/wp-content\/uploads\/2025\/12\/Book-cover-1.jpg\" class=\"rounded-[20px] w-full h-full md:h-[200px] lg:h-full max-h-[375px]  object-cover wp-post-image\" alt=\"\" \/>            <\/div>\n    <div class=\"flex flex-col w-full lg:max-w-[281px] h-full\">\n        <p class=\"mb-1.5 text-brown\/41\">10.12.2025<\/p>\n        <h3 class=\"mb-4 cabin-20-600\">Tajne kontinuiteta \u2013 Mlin za \u017eito<\/h3>\n        <p class=\"mb-10 cabin-18-400\">Najnoviji doprinos autora Dimitrija Vujadinovi\u0107a njegovom bogatom \u017eivotnom opusu autorskih monografija. Besplatno preuzimanje.<\/p>\n        <div class=\"flex items-center gap-2.5 [&#038;_path]:stroke-brown mt-auto arrow-icon\">\n            <p class=\"cabin-18-400\">See more<\/p>\n             <svg\n      width=\"15\"\n      height=\"13\"\n      viewBox=\"0 0 15 13\"\n      fill=\"none\"\n      xmlns=\"http:\/\/www.w3.org\/2000\/svg\"\n    >\n      <path\n        d=\"M8.5 0.0293579C8.61756 2.02787 9.98125 6.02489 14.4955 6.02489\"\n        stroke=\"#1A1313\"\n      \/>\n      <path\n        d=\"M8.5 12.3731C8.61756 10.3746 9.98125 6.37757 14.4955 6.37757\"\n        stroke=\"#1A1313\"\n      \/>\n      <path d=\"M14.1429 6.377L0 6.37695\" stroke=\"#1A1313\" \/>\n    <\/svg>        <\/div>\n    <\/div>\n<\/a>                            <\/div>\n                \n    <\/div>\n<\/section>","protected":false},"excerpt":{"rendered":"","protected":false},"author":1,"featured_media":0,"parent":0,"menu_order":0,"comment_status":"closed","ping_status":"closed","template":"","meta":{"_acf_changed":false,"footnotes":""},"class_list":["post-1015","page","type-page","status-publish","hentry"],"acf":[],"_links":{"self":[{"href":"https:\/\/breadculture.gingeritsolutions.space\/sr\/wp-json\/wp\/v2\/pages\/1015","targetHints":{"allow":["GET"]}}],"collection":[{"href":"https:\/\/breadculture.gingeritsolutions.space\/sr\/wp-json\/wp\/v2\/pages"}],"about":[{"href":"https:\/\/breadculture.gingeritsolutions.space\/sr\/wp-json\/wp\/v2\/types\/page"}],"author":[{"embeddable":true,"href":"https:\/\/breadculture.gingeritsolutions.space\/sr\/wp-json\/wp\/v2\/users\/1"}],"replies":[{"embeddable":true,"href":"https:\/\/breadculture.gingeritsolutions.space\/sr\/wp-json\/wp\/v2\/comments?post=1015"}],"version-history":[{"count":2,"href":"https:\/\/breadculture.gingeritsolutions.space\/sr\/wp-json\/wp\/v2\/pages\/1015\/revisions"}],"predecessor-version":[{"id":1067,"href":"https:\/\/breadculture.gingeritsolutions.space\/sr\/wp-json\/wp\/v2\/pages\/1015\/revisions\/1067"}],"wp:attachment":[{"href":"https:\/\/breadculture.gingeritsolutions.space\/sr\/wp-json\/wp\/v2\/media?parent=1015"}],"curies":[{"name":"wp","href":"https:\/\/api.w.org\/{rel}","templated":true}]}}