{"id":1018,"date":"2025-12-09T12:10:47","date_gmt":"2025-12-09T12:10:47","guid":{"rendered":"https:\/\/breadculture.gingeritsolutions.space\/projects\/"},"modified":"2026-01-15T07:56:29","modified_gmt":"2026-01-15T07:56:29","slug":"projekti","status":"publish","type":"page","link":"https:\/\/breadculture.gingeritsolutions.space\/sr\/projekti\/","title":{"rendered":"Projekti"},"content":{"rendered":"\n<section class=\"relative flex items-end py-10 min-h-[400px] overflow-hidden hero-overlay\">\n            <img fetchpriority=\"high\" decoding=\"async\" src=\"https:\/\/breadculture.gingeritsolutions.space\/wp-content\/uploads\/2025\/12\/4.avif\" srcset=\"https:\/\/breadculture.gingeritsolutions.space\/wp-content\/uploads\/2025\/12\/4-150x150.avif 150w, https:\/\/breadculture.gingeritsolutions.space\/wp-content\/uploads\/2025\/12\/4.avif 300w, https:\/\/breadculture.gingeritsolutions.space\/wp-content\/uploads\/2025\/12\/4-300x63.avif 480w, https:\/\/breadculture.gingeritsolutions.space\/wp-content\/uploads\/2025\/12\/4-1024x213.avif 720w, https:\/\/breadculture.gingeritsolutions.space\/wp-content\/uploads\/2025\/12\/4.avif 1080w, https:\/\/breadculture.gingeritsolutions.space\/wp-content\/uploads\/2025\/12\/4.avif 1600w\" sizes=\"(max-width: 1600px) 100vw\" class=\"top-0 left-0 absolute w-full h-full object-cover\" alt=\"\" width=\"1920\" height=\"400\" loading=\"eager\">\n            <div class=\"z-3 relative flex md:flex-row flex-col justify-between items-start gap-4 md:gap-10 mx-auto text-white container\">\n            <h1 class=\"cabin-50-400\">\n                Projekti            <\/h1>\n            <p class=\"md:mt-4 md:max-w-[640px] md:text-right text-balance cabin-20-600\">\n                Ni\u0161ta na svetu nije tako pozitivno kao hleb (Dostojevski)            <\/p>\n        <\/div>\n    <\/section>\n\n\n<section class=\"py-8 md:py-14 lg:py-25\">\n    <div class=\"container\">\n        <div class=\"flex lg:flex-row flex-col justify-between lg:items-center gap-4 mb-8\">\n                        \n        <\/div>\n        \n            <div class=\"gap-x-8 gap-y-10 grid md:grid-cols-2\">\n                                    <a\n    href=\"https:\/\/breadculture.gingeritsolutions.space\/sr\/atlas-bread-museums-in-europe-beyond-2\/\"\n    class=\"flex lg:flex-row flex-col items-stretch gap-4 max-w-[742px] h-auto md:min-h-[375px]\">\n    <div class=\"w-full lg:max-w-[320px]\">\n                    <img loading=\"lazy\" decoding=\"async\" width=\"432\" height=\"325\" src=\"https:\/\/breadculture.gingeritsolutions.space\/wp-content\/uploads\/2025\/12\/Atlas-sajt.jpg\" class=\"rounded-[20px] w-full h-full md:h-[200px] lg:h-full max-h-[375px]  object-cover wp-post-image\" alt=\"\" \/>            <\/div>\n    <div class=\"flex flex-col w-full lg:max-w-[281px] h-full\">\n        <p class=\"mb-1.5 text-brown\/41\">01.01.2026<\/p>\n        <h3 class=\"mb-4 cabin-20-600\">ATLAS MUZEJA HLEBA U EVROPI I \u0160IRE (tre\u0107e izdanje)<\/h3>\n        <p class=\"mb-10 cabin-18-400\">Tre\u0107e izdanje Atlasa muzeja hleba u Evropi i \u0161ire.<\/p>\n        <div class=\"flex items-center gap-2.5 [&#038;_path]:stroke-brown mt-auto arrow-icon\">\n            <p class=\"cabin-18-400\">See more<\/p>\n             <svg\n      width=\"15\"\n      height=\"13\"\n      viewBox=\"0 0 15 13\"\n      fill=\"none\"\n      xmlns=\"http:\/\/www.w3.org\/2000\/svg\"\n    >\n      <path\n        d=\"M8.5 0.0293579C8.61756 2.02787 9.98125 6.02489 14.4955 6.02489\"\n        stroke=\"#1A1313\"\n      \/>\n      <path\n        d=\"M8.5 12.3731C8.61756 10.3746 9.98125 6.37757 14.4955 6.37757\"\n        stroke=\"#1A1313\"\n      \/>\n      <path d=\"M14.1429 6.377L0 6.37695\" stroke=\"#1A1313\" \/>\n    <\/svg>        <\/div>\n    <\/div>\n<\/a>                                    <a\n    href=\"https:\/\/breadculture.gingeritsolutions.space\/sr\/in-the-beginning-was-the-word\/\"\n    class=\"flex lg:flex-row flex-col items-stretch gap-4 max-w-[742px] h-auto md:min-h-[375px]\">\n    <div class=\"w-full lg:max-w-[320px]\">\n                    <img loading=\"lazy\" decoding=\"async\" width=\"850\" height=\"614\" src=\"https:\/\/breadculture.gingeritsolutions.space\/wp-content\/uploads\/2025\/12\/Hleb-na-jezicima.jpg\" class=\"rounded-[20px] w-full h-full md:h-[200px] lg:h-full max-h-[375px]  object-cover wp-post-image\" alt=\"\" \/>            <\/div>\n    <div class=\"flex flex-col w-full lg:max-w-[281px] h-full\">\n        <p class=\"mb-1.5 text-brown\/41\">24.12.2025<\/p>\n        <h3 class=\"mb-4 cabin-20-600\">U PO\u010cETKU BE\u0160E RE\u010c<\/h3>\n        <p class=\"mb-10 cabin-18-400\">Saradnici projekta \u201eHleb \u2013 kulturno nasle\u0111e\u201d prikupljaju materijal za knjigu koja \u0107e se baviti etimologijom re\u010di hleb u jezicima naroda sveta \u2013 \u201eU po\u010detku be\u0161e re\u010d\u201d.<\/p>\n        <div class=\"flex items-center gap-2.5 [&#038;_path]:stroke-brown mt-auto arrow-icon\">\n            <p class=\"cabin-18-400\">See more<\/p>\n             <svg\n      width=\"15\"\n      height=\"13\"\n      viewBox=\"0 0 15 13\"\n      fill=\"none\"\n      xmlns=\"http:\/\/www.w3.org\/2000\/svg\"\n    >\n      <path\n        d=\"M8.5 0.0293579C8.61756 2.02787 9.98125 6.02489 14.4955 6.02489\"\n        stroke=\"#1A1313\"\n      \/>\n      <path\n        d=\"M8.5 12.3731C8.61756 10.3746 9.98125 6.37757 14.4955 6.37757\"\n        stroke=\"#1A1313\"\n      \/>\n      <path d=\"M14.1429 6.377L0 6.37695\" stroke=\"#1A1313\" \/>\n    <\/svg>        <\/div>\n    <\/div>\n<\/a>                                    <a\n    href=\"https:\/\/breadculture.gingeritsolutions.space\/sr\/the-civilization-of-bread-a-monograph\/\"\n    class=\"flex lg:flex-row flex-col items-stretch gap-4 max-w-[742px] h-auto md:min-h-[375px]\">\n    <div class=\"w-full lg:max-w-[320px]\">\n                    <img loading=\"lazy\" decoding=\"async\" width=\"1200\" height=\"800\" src=\"https:\/\/breadculture.gingeritsolutions.space\/wp-content\/uploads\/2025\/12\/Poslednja-scena-iz-filma-Odiseja-2001.jpg\" class=\"rounded-[20px] w-full h-full md:h-[200px] lg:h-full max-h-[375px]  object-cover wp-post-image\" alt=\"\" \/>            <\/div>\n    <div class=\"flex flex-col w-full lg:max-w-[281px] h-full\">\n        <p class=\"mb-1.5 text-brown\/41\">22.12.2025<\/p>\n        <h3 class=\"mb-4 cabin-20-600\">CIVILIZACIJA HLEBA<\/h3>\n        <p class=\"mb-10 cabin-18-400\">Civilizacija hleba je nastala i i dalje traje. Proizvodnja hleba bila je jedna od najstarijih ljudskih delatnosti koja je razlikovala civilizovane od necivilizovanih.<\/p>\n        <div class=\"flex items-center gap-2.5 [&#038;_path]:stroke-brown mt-auto arrow-icon\">\n            <p class=\"cabin-18-400\">See more<\/p>\n             <svg\n      width=\"15\"\n      height=\"13\"\n      viewBox=\"0 0 15 13\"\n      fill=\"none\"\n      xmlns=\"http:\/\/www.w3.org\/2000\/svg\"\n    >\n      <path\n        d=\"M8.5 0.0293579C8.61756 2.02787 9.98125 6.02489 14.4955 6.02489\"\n        stroke=\"#1A1313\"\n      \/>\n      <path\n        d=\"M8.5 12.3731C8.61756 10.3746 9.98125 6.37757 14.4955 6.37757\"\n        stroke=\"#1A1313\"\n      \/>\n      <path d=\"M14.1429 6.377L0 6.37695\" stroke=\"#1A1313\" \/>\n    <\/svg>        <\/div>\n    <\/div>\n<\/a>                            <\/div>\n                \n    <\/div>\n<\/section>","protected":false},"excerpt":{"rendered":"","protected":false},"author":1,"featured_media":0,"parent":0,"menu_order":0,"comment_status":"closed","ping_status":"closed","template":"","meta":{"_acf_changed":false,"footnotes":""},"class_list":["post-1018","page","type-page","status-publish","hentry"],"acf":[],"_links":{"self":[{"href":"https:\/\/breadculture.gingeritsolutions.space\/sr\/wp-json\/wp\/v2\/pages\/1018","targetHints":{"allow":["GET"]}}],"collection":[{"href":"https:\/\/breadculture.gingeritsolutions.space\/sr\/wp-json\/wp\/v2\/pages"}],"about":[{"href":"https:\/\/breadculture.gingeritsolutions.space\/sr\/wp-json\/wp\/v2\/types\/page"}],"author":[{"embeddable":true,"href":"https:\/\/breadculture.gingeritsolutions.space\/sr\/wp-json\/wp\/v2\/users\/1"}],"replies":[{"embeddable":true,"href":"https:\/\/breadculture.gingeritsolutions.space\/sr\/wp-json\/wp\/v2\/comments?post=1018"}],"version-history":[{"count":3,"href":"https:\/\/breadculture.gingeritsolutions.space\/sr\/wp-json\/wp\/v2\/pages\/1018\/revisions"}],"predecessor-version":[{"id":1066,"href":"https:\/\/breadculture.gingeritsolutions.space\/sr\/wp-json\/wp\/v2\/pages\/1018\/revisions\/1066"}],"wp:attachment":[{"href":"https:\/\/breadculture.gingeritsolutions.space\/sr\/wp-json\/wp\/v2\/media?parent=1018"}],"curies":[{"name":"wp","href":"https:\/\/api.w.org\/{rel}","templated":true}]}}