{"id":1022,"date":"2025-12-11T09:22:38","date_gmt":"2025-12-11T09:22:38","guid":{"rendered":"https:\/\/breadculture.gingeritsolutions.space\/media\/"},"modified":"2026-01-15T07:57:31","modified_gmt":"2026-01-15T07:57:31","slug":"mediji","status":"publish","type":"page","link":"https:\/\/breadculture.gingeritsolutions.space\/sr\/mediji\/","title":{"rendered":"Mediji"},"content":{"rendered":"\n<section class=\"relative flex items-end py-10 min-h-[400px] overflow-hidden hero-overlay\">\n            <img fetchpriority=\"high\" decoding=\"async\" src=\"https:\/\/breadculture.gingeritsolutions.space\/wp-content\/uploads\/2025\/12\/6.avif\" srcset=\"https:\/\/breadculture.gingeritsolutions.space\/wp-content\/uploads\/2025\/12\/6-150x150.avif 150w, https:\/\/breadculture.gingeritsolutions.space\/wp-content\/uploads\/2025\/12\/6.avif 300w, https:\/\/breadculture.gingeritsolutions.space\/wp-content\/uploads\/2025\/12\/6-300x63.avif 480w, https:\/\/breadculture.gingeritsolutions.space\/wp-content\/uploads\/2025\/12\/6-1024x213.avif 720w, https:\/\/breadculture.gingeritsolutions.space\/wp-content\/uploads\/2025\/12\/6.avif 1080w, https:\/\/breadculture.gingeritsolutions.space\/wp-content\/uploads\/2025\/12\/6.avif 1600w\" sizes=\"(max-width: 1600px) 100vw\" class=\"top-0 left-0 absolute w-full h-full object-cover\" alt=\"\" width=\"1920\" height=\"400\" loading=\"eager\">\n            <div class=\"z-3 relative flex md:flex-row flex-col justify-between items-start gap-4 md:gap-10 mx-auto text-white container\">\n            <h1 class=\"cabin-50-400\">\n                Mediji            <\/h1>\n            <p class=\"md:mt-4 md:max-w-[640px] md:text-right text-balance cabin-20-600\">\n                            <\/p>\n        <\/div>\n    <\/section>\n\n\n<section class=\"py-8 md:py-14 lg:py-25\">\n    <div class=\"container\">\n        <div class=\"flex lg:flex-row flex-col justify-between lg:items-center gap-4 mb-8\">\n                        \n        <\/div>\n        \n            <div class=\"gap-x-8 gap-y-10 grid md:grid-cols-2\">\n                                    <a\n    href=\"https:\/\/breadculture.gingeritsolutions.space\/sr\/christmas-bread-bozicnjak-documentary-english-subtitles\/\"\n    class=\"flex lg:flex-row flex-col items-stretch gap-4 max-w-[742px] h-auto md:min-h-[375px]\">\n    <div class=\"w-full lg:max-w-[320px]\">\n                                                <img decoding=\"async\" class=\"rounded-[20px] w-full h-full md:h-[200px] lg:h-full max-h-[375px] object-cover\" src=\"https:\/\/img.youtube.com\/vi\/Ox7rzxH2als\/hqdefault.jpg\" alt=\"\">\n                        <\/div>\n    <div class=\"flex flex-col w-full lg:max-w-[281px] h-full\">\n        <p class=\"mb-1.5 text-brown\/41\">31.12.2025<\/p>\n        <h3 class=\"mb-4 cabin-20-600\">Bo\u017ei\u0107ni hleb \u2013 BO\u017dI\u0106NJAK, dokumentarni film (engleski titlovi)<\/h3>\n        <p class=\"mb-10 cabin-18-400\">Veliki, radosni praznik vere, porodice, nade i ljubavi nosi odre\u0111ene univerzalne vrednosti koje su simboli\u010dno predstavljene na bo\u017ei\u0107nom hlebu \u2013 Bo\u017ei\u0107njaku.<\/p>\n        <div class=\"flex items-center gap-2.5 [&#038;_path]:stroke-brown mt-auto arrow-icon\">\n            <p class=\"cabin-18-400\">See more<\/p>\n             <svg\n      width=\"15\"\n      height=\"13\"\n      viewBox=\"0 0 15 13\"\n      fill=\"none\"\n      xmlns=\"http:\/\/www.w3.org\/2000\/svg\"\n    >\n      <path\n        d=\"M8.5 0.0293579C8.61756 2.02787 9.98125 6.02489 14.4955 6.02489\"\n        stroke=\"#1A1313\"\n      \/>\n      <path\n        d=\"M8.5 12.3731C8.61756 10.3746 9.98125 6.37757 14.4955 6.37757\"\n        stroke=\"#1A1313\"\n      \/>\n      <path d=\"M14.1429 6.377L0 6.37695\" stroke=\"#1A1313\" \/>\n    <\/svg>        <\/div>\n    <\/div>\n<\/a>                                    <a\n    href=\"https:\/\/breadculture.gingeritsolutions.space\/sr\/cipovka-the-bread-smiling-at-the-moon-by-jelena-vukmanovic-rtv-vojvodina-serbia\/\"\n    class=\"flex lg:flex-row flex-col items-stretch gap-4 max-w-[742px] h-auto md:min-h-[375px]\">\n    <div class=\"w-full lg:max-w-[320px]\">\n                                                <img decoding=\"async\" class=\"rounded-[20px] w-full h-full md:h-[200px] lg:h-full max-h-[375px] object-cover\" src=\"https:\/\/img.youtube.com\/vi\/SeuWIs6BG0c\/hqdefault.jpg\" alt=\"\">\n                        <\/div>\n    <div class=\"flex flex-col w-full lg:max-w-[281px] h-full\">\n        <p class=\"mb-1.5 text-brown\/41\">25.12.2025<\/p>\n        <h3 class=\"mb-4 cabin-20-600\">Cipovka \u2013 Hleb koji se smeje Mesecu, Jelena Vukmanovi\u0107 \u2013 RTV\/Vojvodina, Srbija (engleski titlovi)<\/h3>\n        <p class=\"mb-10 cabin-18-400\"><\/p>\n        <div class=\"flex items-center gap-2.5 [&#038;_path]:stroke-brown mt-auto arrow-icon\">\n            <p class=\"cabin-18-400\">See more<\/p>\n             <svg\n      width=\"15\"\n      height=\"13\"\n      viewBox=\"0 0 15 13\"\n      fill=\"none\"\n      xmlns=\"http:\/\/www.w3.org\/2000\/svg\"\n    >\n      <path\n        d=\"M8.5 0.0293579C8.61756 2.02787 9.98125 6.02489 14.4955 6.02489\"\n        stroke=\"#1A1313\"\n      \/>\n      <path\n        d=\"M8.5 12.3731C8.61756 10.3746 9.98125 6.37757 14.4955 6.37757\"\n        stroke=\"#1A1313\"\n      \/>\n      <path d=\"M14.1429 6.377L0 6.37695\" stroke=\"#1A1313\" \/>\n    <\/svg>        <\/div>\n    <\/div>\n<\/a>                                    <a\n    href=\"https:\/\/breadculture.gingeritsolutions.space\/sr\/bread-in-the-great-war-3\/\"\n    class=\"flex lg:flex-row flex-col items-stretch gap-4 max-w-[742px] h-auto md:min-h-[375px]\">\n    <div class=\"w-full lg:max-w-[320px]\">\n                                                <img decoding=\"async\" class=\"rounded-[20px] w-full h-full md:h-[200px] lg:h-full max-h-[375px] object-cover\" src=\"https:\/\/img.youtube.com\/vi\/NEp5nurfezY\/hqdefault.jpg\" alt=\"\">\n                        <\/div>\n    <div class=\"flex flex-col w-full lg:max-w-[281px] h-full\">\n        <p class=\"mb-1.5 text-brown\/41\">25.12.2025<\/p>\n        <h3 class=\"mb-4 cabin-20-600\">Hleb u velikom ratu<\/h3>\n        <p class=\"mb-10 cabin-18-400\">Kontekst Velikog rata u ovoj publikaciji nije predstavljen \u201evojno\u201d \u2013 prema zara\u0107enim stranama, frontovima, bitkama ili zemljama koje su u njemu u\u010destvovale, ve\u0107 kroz jedinstven sadr\u017eaj vezan za hleb, u okviru kog se sagledavaju jednako stradanje i okrutnost rata za sve zara\u0107ene narode.<\/p>\n        <div class=\"flex items-center gap-2.5 [&#038;_path]:stroke-brown mt-auto arrow-icon\">\n            <p class=\"cabin-18-400\">See more<\/p>\n             <svg\n      width=\"15\"\n      height=\"13\"\n      viewBox=\"0 0 15 13\"\n      fill=\"none\"\n      xmlns=\"http:\/\/www.w3.org\/2000\/svg\"\n    >\n      <path\n        d=\"M8.5 0.0293579C8.61756 2.02787 9.98125 6.02489 14.4955 6.02489\"\n        stroke=\"#1A1313\"\n      \/>\n      <path\n        d=\"M8.5 12.3731C8.61756 10.3746 9.98125 6.37757 14.4955 6.37757\"\n        stroke=\"#1A1313\"\n      \/>\n      <path d=\"M14.1429 6.377L0 6.37695\" stroke=\"#1A1313\" \/>\n    <\/svg>        <\/div>\n    <\/div>\n<\/a>                                    <a\n    href=\"https:\/\/breadculture.gingeritsolutions.space\/sr\/izlozba-hleb-u-velikom-ratu\/\"\n    class=\"flex lg:flex-row flex-col items-stretch gap-4 max-w-[742px] h-auto md:min-h-[375px]\">\n    <div class=\"w-full lg:max-w-[320px]\">\n                                                <img decoding=\"async\" class=\"rounded-[20px] w-full h-full md:h-[200px] lg:h-full max-h-[375px] object-cover\" src=\"https:\/\/img.youtube.com\/vi\/AJ51fxnIWHg\/hqdefault.jpg\" alt=\"\">\n                        <\/div>\n    <div class=\"flex flex-col w-full lg:max-w-[281px] h-full\">\n        <p class=\"mb-1.5 text-brown\/41\">29.10.2000<\/p>\n        <h3 class=\"mb-4 cabin-20-600\">IZLO\u017dBA HLEB U VELIKOM RATU<\/h3>\n        <p class=\"mb-10 cabin-18-400\">Klub RTS, Beograd Najava otvaranja izlo\u017ebe i predstavljanje knjige Hleb u Velikom ratu. Jutarnji program RTS,<\/p>\n        <div class=\"flex items-center gap-2.5 [&#038;_path]:stroke-brown mt-auto arrow-icon\">\n            <p class=\"cabin-18-400\">See more<\/p>\n             <svg\n      width=\"15\"\n      height=\"13\"\n      viewBox=\"0 0 15 13\"\n      fill=\"none\"\n      xmlns=\"http:\/\/www.w3.org\/2000\/svg\"\n    >\n      <path\n        d=\"M8.5 0.0293579C8.61756 2.02787 9.98125 6.02489 14.4955 6.02489\"\n        stroke=\"#1A1313\"\n      \/>\n      <path\n        d=\"M8.5 12.3731C8.61756 10.3746 9.98125 6.37757 14.4955 6.37757\"\n        stroke=\"#1A1313\"\n      \/>\n      <path d=\"M14.1429 6.377L0 6.37695\" stroke=\"#1A1313\" \/>\n    <\/svg>        <\/div>\n    <\/div>\n<\/a>                            <\/div>\n                \n    <\/div>\n<\/section>","protected":false},"excerpt":{"rendered":"","protected":false},"author":1,"featured_media":0,"parent":0,"menu_order":0,"comment_status":"closed","ping_status":"closed","template":"","meta":{"_acf_changed":false,"footnotes":""},"class_list":["post-1022","page","type-page","status-publish","hentry"],"acf":[],"_links":{"self":[{"href":"https:\/\/breadculture.gingeritsolutions.space\/sr\/wp-json\/wp\/v2\/pages\/1022","targetHints":{"allow":["GET"]}}],"collection":[{"href":"https:\/\/breadculture.gingeritsolutions.space\/sr\/wp-json\/wp\/v2\/pages"}],"about":[{"href":"https:\/\/breadculture.gingeritsolutions.space\/sr\/wp-json\/wp\/v2\/types\/page"}],"author":[{"embeddable":true,"href":"https:\/\/breadculture.gingeritsolutions.space\/sr\/wp-json\/wp\/v2\/users\/1"}],"replies":[{"embeddable":true,"href":"https:\/\/breadculture.gingeritsolutions.space\/sr\/wp-json\/wp\/v2\/comments?post=1022"}],"version-history":[{"count":3,"href":"https:\/\/breadculture.gingeritsolutions.space\/sr\/wp-json\/wp\/v2\/pages\/1022\/revisions"}],"predecessor-version":[{"id":1068,"href":"https:\/\/breadculture.gingeritsolutions.space\/sr\/wp-json\/wp\/v2\/pages\/1022\/revisions\/1068"}],"wp:attachment":[{"href":"https:\/\/breadculture.gingeritsolutions.space\/sr\/wp-json\/wp\/v2\/media?parent=1022"}],"curies":[{"name":"wp","href":"https:\/\/api.w.org\/{rel}","templated":true}]}}