{"id":1026,"date":"2025-12-15T10:41:27","date_gmt":"2025-12-15T10:41:27","guid":{"rendered":"https:\/\/breadculture.gingeritsolutions.space\/archive\/"},"modified":"2026-01-14T13:30:51","modified_gmt":"2026-01-14T13:30:51","slug":"arhiva","status":"publish","type":"page","link":"https:\/\/breadculture.gingeritsolutions.space\/sr\/arhiva\/","title":{"rendered":"Arhiva"},"content":{"rendered":"\n<section class=\"relative flex items-end py-10 min-h-[400px] overflow-hidden hero-overlay\">\n            <img fetchpriority=\"high\" decoding=\"async\" src=\"https:\/\/breadculture.gingeritsolutions.space\/wp-content\/uploads\/2025\/12\/7.avif\" srcset=\"https:\/\/breadculture.gingeritsolutions.space\/wp-content\/uploads\/2025\/12\/7-150x150.avif 150w, https:\/\/breadculture.gingeritsolutions.space\/wp-content\/uploads\/2025\/12\/7.avif 300w, https:\/\/breadculture.gingeritsolutions.space\/wp-content\/uploads\/2025\/12\/7-300x63.avif 480w, https:\/\/breadculture.gingeritsolutions.space\/wp-content\/uploads\/2025\/12\/7-1024x213.avif 720w, https:\/\/breadculture.gingeritsolutions.space\/wp-content\/uploads\/2025\/12\/7.avif 1080w, https:\/\/breadculture.gingeritsolutions.space\/wp-content\/uploads\/2025\/12\/7.avif 1600w\" sizes=\"(max-width: 1600px) 100vw\" class=\"top-0 left-0 absolute w-full h-full object-cover\" alt=\"\" width=\"1920\" height=\"400\" loading=\"eager\">\n            <div class=\"z-3 relative flex md:flex-row flex-col justify-between items-start gap-4 md:gap-10 mx-auto text-white container\">\n            <h1 class=\"cabin-50-400\">\n                Arhiva            <\/h1>\n            <p class=\"md:mt-4 md:max-w-[640px] md:text-right text-balance cabin-20-600\">\n                Borba \u010doveka protiv sile jeste borba se\u0107anja protiv zaborava, Milan Kundera, pisac            <\/p>\n        <\/div>\n    <\/section>\n\n\n<section class=\"py-8 md:py-14 lg:py-25\">\n    <div class=\"container\">\n        <div class=\"flex lg:flex-row flex-col justify-between lg:items-center gap-4 mb-8\">\n                        \n        <\/div>\n        \n            <div class=\"gap-x-8 gap-y-10 grid md:grid-cols-2\">\n                                    <a\n    href=\"https:\/\/breadculture.gingeritsolutions.space\/sr\/secrets-of-continuity-grain-mill\/\"\n    class=\"flex lg:flex-row flex-col items-stretch gap-4 max-w-[742px] h-auto md:min-h-[375px]\">\n    <div class=\"w-full lg:max-w-[320px]\">\n                    <img loading=\"lazy\" decoding=\"async\" width=\"854\" height=\"858\" src=\"https:\/\/breadculture.gingeritsolutions.space\/wp-content\/uploads\/2025\/12\/Book-cover.avif\" class=\"rounded-[20px] w-full h-full md:h-[200px] lg:h-full max-h-[375px]  object-cover wp-post-image\" alt=\"\" srcset=\"https:\/\/breadculture.gingeritsolutions.space\/wp-content\/uploads\/2025\/12\/Book-cover.avif 854w, https:\/\/breadculture.gingeritsolutions.space\/wp-content\/uploads\/2025\/12\/Book-cover-300x300.avif 300w, https:\/\/breadculture.gingeritsolutions.space\/wp-content\/uploads\/2025\/12\/Book-cover-150x150.avif 150w, https:\/\/breadculture.gingeritsolutions.space\/wp-content\/uploads\/2025\/12\/Book-cover-768x772.avif 768w\" sizes=\"(max-width: 854px) 100vw, 854px\" \/>            <\/div>\n    <div class=\"flex flex-col w-full lg:max-w-[281px] h-full\">\n        <p class=\"mb-1.5 text-brown\/41\">10.12.2024<\/p>\n        <h3 class=\"mb-4 cabin-20-600\">TAJNE KONTINUITETA \u2013 MLIN ZA \u017dITO (Zavr\u0161eno)<\/h3>\n        <p class=\"mb-10 cabin-18-400\">Najnoviji doprinos autora Dimitrija Vujadinovi\u0107a njegovom bogatom \u017eivotnom opusu autorskih monografija jeste i dvodelna monografija o mlinarstvu kao kulturnom nasle\u0111u pod nazivom TAJNE KONTINUITETA \u2013 MLIN ZA \u017dITO.<\/p>\n        <div class=\"flex items-center gap-2.5 [&#038;_path]:stroke-brown mt-auto arrow-icon\">\n            <p class=\"cabin-18-400\">See more<\/p>\n             <svg\n      width=\"15\"\n      height=\"13\"\n      viewBox=\"0 0 15 13\"\n      fill=\"none\"\n      xmlns=\"http:\/\/www.w3.org\/2000\/svg\"\n    >\n      <path\n        d=\"M8.5 0.0293579C8.61756 2.02787 9.98125 6.02489 14.4955 6.02489\"\n        stroke=\"#1A1313\"\n      \/>\n      <path\n        d=\"M8.5 12.3731C8.61756 10.3746 9.98125 6.37757 14.4955 6.37757\"\n        stroke=\"#1A1313\"\n      \/>\n      <path d=\"M14.1429 6.377L0 6.37695\" stroke=\"#1A1313\" \/>\n    <\/svg>        <\/div>\n    <\/div>\n<\/a>                            <\/div>\n                \n    <\/div>\n<\/section>","protected":false},"excerpt":{"rendered":"","protected":false},"author":1,"featured_media":0,"parent":0,"menu_order":0,"comment_status":"closed","ping_status":"closed","template":"","meta":{"_acf_changed":false,"footnotes":""},"class_list":["post-1026","page","type-page","status-publish","hentry"],"acf":[],"_links":{"self":[{"href":"https:\/\/breadculture.gingeritsolutions.space\/sr\/wp-json\/wp\/v2\/pages\/1026","targetHints":{"allow":["GET"]}}],"collection":[{"href":"https:\/\/breadculture.gingeritsolutions.space\/sr\/wp-json\/wp\/v2\/pages"}],"about":[{"href":"https:\/\/breadculture.gingeritsolutions.space\/sr\/wp-json\/wp\/v2\/types\/page"}],"author":[{"embeddable":true,"href":"https:\/\/breadculture.gingeritsolutions.space\/sr\/wp-json\/wp\/v2\/users\/1"}],"replies":[{"embeddable":true,"href":"https:\/\/breadculture.gingeritsolutions.space\/sr\/wp-json\/wp\/v2\/comments?post=1026"}],"version-history":[{"count":1,"href":"https:\/\/breadculture.gingeritsolutions.space\/sr\/wp-json\/wp\/v2\/pages\/1026\/revisions"}],"predecessor-version":[{"id":1027,"href":"https:\/\/breadculture.gingeritsolutions.space\/sr\/wp-json\/wp\/v2\/pages\/1026\/revisions\/1027"}],"wp:attachment":[{"href":"https:\/\/breadculture.gingeritsolutions.space\/sr\/wp-json\/wp\/v2\/media?parent=1026"}],"curies":[{"name":"wp","href":"https:\/\/api.w.org\/{rel}","templated":true}]}}