{"id":1039,"date":"2025-12-09T13:04:39","date_gmt":"2025-12-09T13:04:39","guid":{"rendered":"https:\/\/breadculture.gingeritsolutions.space\/contact\/"},"modified":"2026-01-14T13:35:01","modified_gmt":"2026-01-14T13:35:01","slug":"contact","status":"publish","type":"page","link":"https:\/\/breadculture.gingeritsolutions.space\/sr\/contact\/","title":{"rendered":"Kontakt"},"content":{"rendered":"\n<section class=\"flex flex-col items-center py-30 min-h-screen lg:min-h-[900px]\">\n    <div class=\"flex lg:flex-row flex-col justify-between lg:items-center lg:gap-10 mr-0 ml-0 lg:ml-auto pr-0 pl-4 sm:max-w-[calc((100%-40rem)\/2+40rem)] md:max-w-[calc((100%-48rem)\/2+48rem)] lg:max-w-[calc((100%-64rem)\/2+64rem)] 2xl:max-w-[calc((100%-96rem)\/2+96rem)] xl:max-w-[calc((100%-80rem)\/2+80rem)] container\">\n        <div class=\"pr-4 lg:pr-0 max-w-[654px] contact-form cabin-18-400\">\n                            <div class=\"mb-4 [&#038;_h1]:mb-2\">\n                    <h1 class=\"cabin-40-400\">Kontaktirajte nas<\/h1>\n<p data-start=\"0\" data-end=\"543\">Tim projekta \u201eHleb \u2013 kulturno nasle\u0111e\u201d sa zadovoljstvom obave\u0161tava da nam sti\u017eu zna\u010dajne povratne informacije od kolega, umetnika, korisnika sajta i svih koji su zainteresovani za hleb. Sve vi\u0161e ljudi u\u010destvuje u mozaik projektu posve\u0107enom kulturnom nasle\u0111u hleba. Pristi\u017eu nam informacije, pri\u010de o hlebu, recepti, najave novih izlo\u017ebi na teme hleba i razne preporuke. \u017delimo da se zahvalimo svima na podr\u0161ci i ljubazno vas molimo da i dalje pratite razvoj projekta \u201eHleb \u2013 kulturno nasle\u0111e\u201d. Va\u0161i predlozi i sugestije su vi\u0161e nego dobrodo\u0161li.<\/p>\n<p>Coordinator of the project<br \/>\n<a href=\"https:\/\/breadculture.gingeritsolutions.space\/wp-content\/uploads\/2025\/12\/CV_Dimitrije_Vujadinovic.pdf\" target=\"_blank\" rel=\"noopener\">Mr. Dimitrije Vujadinovi\u0107<\/a><\/p>\n<p>Telefon: <a href=\"tel: +381658497649\">+381 65 8497 649<\/a><br \/>\nMail: <a href=\"mailto:breadheritagewrld@gmail.com\">breadheritagewrld@gmail.com<\/a> ;\u00a0<a href=\"mailto:dimvu3@gmail.com\">dimvu3@gmail.com<\/a><\/p>\n                <\/div>\n                        \n<div class=\"wpcf7 no-js\" id=\"wpcf7-f1075-o1\" lang=\"sr-RS\" dir=\"ltr\" data-wpcf7-id=\"1075\">\n<div class=\"screen-reader-response\"><p role=\"status\" aria-live=\"polite\" aria-atomic=\"true\"><\/p> <ul><\/ul><\/div>\n<form action=\"\/sr\/wp-json\/wp\/v2\/pages\/1039#wpcf7-f1075-o1\" method=\"post\" class=\"wpcf7-form init\" aria-label=\"Contact form\" novalidate=\"novalidate\" data-status=\"init\">\n<fieldset class=\"hidden-fields-container\"><input type=\"hidden\" name=\"_wpcf7\" value=\"1075\" \/><input type=\"hidden\" name=\"_wpcf7_version\" value=\"6.1.4\" \/><input type=\"hidden\" name=\"_wpcf7_locale\" value=\"sr_RS\" \/><input type=\"hidden\" name=\"_wpcf7_unit_tag\" value=\"wpcf7-f1075-o1\" \/><input type=\"hidden\" name=\"_wpcf7_container_post\" value=\"0\" \/><input type=\"hidden\" name=\"_wpcf7_posted_data_hash\" value=\"\" \/>\n<\/fieldset>\n<label class=\"w-half\"> Ime*\n    <span class=\"wpcf7-form-control-wrap\" data-name=\"your-name\"><input size=\"40\" maxlength=\"400\" class=\"wpcf7-form-control wpcf7-text wpcf7-validates-as-required\" aria-required=\"true\" aria-invalid=\"false\" value=\"\" type=\"text\" name=\"your-name\" \/><\/span> <\/label>\n\n<label class=\"w-half\"> E-mail*\n    <span class=\"wpcf7-form-control-wrap\" data-name=\"your-email\"><input size=\"40\" maxlength=\"400\" class=\"wpcf7-form-control wpcf7-email wpcf7-validates-as-required wpcf7-text wpcf7-validates-as-email\" aria-required=\"true\" aria-invalid=\"false\" value=\"\" type=\"email\" name=\"your-email\" \/><\/span> <\/label>\n\n<label> Va\u0161a poruka*\n    <span class=\"wpcf7-form-control-wrap\" data-name=\"your-message\"><textarea cols=\"40\" rows=\"10\" maxlength=\"2000\" class=\"wpcf7-form-control wpcf7-textarea wpcf7-validates-as-required\" aria-required=\"true\" aria-invalid=\"false\" name=\"your-message\"><\/textarea><\/span> <\/label>\n\n<div class=\"btn arrow-icon\"><input class=\"wpcf7-form-control wpcf7-submit has-spinner\" type=\"submit\" value=\"Po\u0161alji\" \/>  <svg xmlns=\"http:\/\/www.w3.org\/2000\/svg\" width=\"15\" height=\"13\" viewbox=\"0 0 15 13\" fill=\"none\">\n      <path d=\"M8.5 0.0293579C8.61756 2.02787 9.98125 6.02489 14.4955 6.02489\" stroke=\"#fff\"><\/path>\n      <path d=\"M8.5 12.3731C8.61756 10.3746 9.98125 6.37757 14.4955 6.37757\" stroke=\"#fff\"><\/path>\n      <path d=\"M14.1429 6.377L0 6.37695\" stroke=\"#fff\"><\/path>\n    <\/svg><\/div><div class=\"wpcf7-response-output\" aria-hidden=\"true\"><\/div>\n<\/form>\n<\/div>\n\n        <\/div>\n                <img fetchpriority=\"high\" decoding=\"async\" src=\"https:\/\/breadculture.gingeritsolutions.space\/wp-content\/uploads\/2025\/12\/Roberta-Pancera.jpg\" srcset=\"https:\/\/breadculture.gingeritsolutions.space\/wp-content\/uploads\/2025\/12\/Roberta-Pancera.jpg 150w, https:\/\/breadculture.gingeritsolutions.space\/wp-content\/uploads\/2025\/12\/Roberta-Pancera.jpg 300w, https:\/\/breadculture.gingeritsolutions.space\/wp-content\/uploads\/2025\/12\/Roberta-Pancera.jpg 480w, https:\/\/breadculture.gingeritsolutions.space\/wp-content\/uploads\/2025\/12\/Roberta-Pancera.jpg 720w, https:\/\/breadculture.gingeritsolutions.space\/wp-content\/uploads\/2025\/12\/Roberta-Pancera.jpg 1080w, https:\/\/breadculture.gingeritsolutions.space\/wp-content\/uploads\/2025\/12\/Roberta-Pancera.jpg 1600w\" sizes=\"(max-width: 1600px) 100vw\" class=\" w-full ml-auto max-w-[480px] rounded-tl-[315px] rounded-bl-[315px]\" alt=\"\" width=\"450\" height=\"640\" loading=\"eager\">\n    <\/div>\n<\/section>","protected":false},"excerpt":{"rendered":"","protected":false},"author":1,"featured_media":0,"parent":0,"menu_order":0,"comment_status":"closed","ping_status":"closed","template":"","meta":{"_acf_changed":false,"footnotes":""},"class_list":["post-1039","page","type-page","status-publish","hentry"],"acf":[],"_links":{"self":[{"href":"https:\/\/breadculture.gingeritsolutions.space\/sr\/wp-json\/wp\/v2\/pages\/1039","targetHints":{"allow":["GET"]}}],"collection":[{"href":"https:\/\/breadculture.gingeritsolutions.space\/sr\/wp-json\/wp\/v2\/pages"}],"about":[{"href":"https:\/\/breadculture.gingeritsolutions.space\/sr\/wp-json\/wp\/v2\/types\/page"}],"author":[{"embeddable":true,"href":"https:\/\/breadculture.gingeritsolutions.space\/sr\/wp-json\/wp\/v2\/users\/1"}],"replies":[{"embeddable":true,"href":"https:\/\/breadculture.gingeritsolutions.space\/sr\/wp-json\/wp\/v2\/comments?post=1039"}],"version-history":[{"count":2,"href":"https:\/\/breadculture.gingeritsolutions.space\/sr\/wp-json\/wp\/v2\/pages\/1039\/revisions"}],"predecessor-version":[{"id":1042,"href":"https:\/\/breadculture.gingeritsolutions.space\/sr\/wp-json\/wp\/v2\/pages\/1039\/revisions\/1042"}],"wp:attachment":[{"href":"https:\/\/breadculture.gingeritsolutions.space\/sr\/wp-json\/wp\/v2\/media?parent=1039"}],"curies":[{"name":"wp","href":"https:\/\/api.w.org\/{rel}","templated":true}]}}